{"id":5290,"date":"2025-06-13T14:33:07","date_gmt":"2025-06-13T13:33:07","guid":{"rendered":"https:\/\/foxinaboxgames.com\/zagreb\/?post_type=product&#038;p=5290"},"modified":"2025-06-19T10:23:11","modified_gmt":"2025-06-19T09:23:11","slug":"operation-f-a-s-t","status":"publish","type":"product","link":"https:\/\/zagreb.roomescape.hr\/en\/p\/fox-hunt\/operation-f-a-s-t\/","title":{"rendered":"Operation: F.A.S.T."},"content":{"rendered":"<div class=\"wp-block-group alignwide is-layout-flow wp-block-group-is-layout-flow\" style=\"margin-top:0;margin-bottom:0;padding-top:5rem;padding-bottom:4rem\">\n<div class=\"wp-block-group has-global-padding is-layout-constrained wp-block-group-is-layout-constrained\">\n<div class=\"wp-block-columns alignwide is-layout-flex wp-container-core-columns-is-layout-123045d2 wp-block-columns-is-layout-flex\">\n<div class=\"wp-block-column is-layout-flow wp-block-column-is-layout-flow\" style=\"flex-basis:45%\"><figure style=\"aspect-ratio:1;\" class=\"wp-block-post-featured-image\"><img decoding=\"async\" width=\"1080\" height=\"1080\" src=\"https:\/\/zagreb.roomescape.hr\/wp-content\/uploads\/sites\/7\/2024\/02\/fox-hunt-03-Web.jpeg\" class=\"attachment-post-thumbnail size-post-thumbnail wp-post-image\" alt=\"\" style=\"border-radius:8px;width:100%;height:100%;object-fit:cover;\" srcset=\"https:\/\/zagreb.roomescape.hr\/wp-content\/uploads\/sites\/7\/2024\/02\/fox-hunt-03-Web.jpeg 1080w, https:\/\/zagreb.roomescape.hr\/wp-content\/uploads\/sites\/7\/2024\/02\/fox-hunt-03-Web-300x300.jpeg 300w, https:\/\/zagreb.roomescape.hr\/wp-content\/uploads\/sites\/7\/2024\/02\/fox-hunt-03-Web-1024x1024.jpeg 1024w, https:\/\/zagreb.roomescape.hr\/wp-content\/uploads\/sites\/7\/2024\/02\/fox-hunt-03-Web-150x150.jpeg 150w, https:\/\/zagreb.roomescape.hr\/wp-content\/uploads\/sites\/7\/2024\/02\/fox-hunt-03-Web-768x768.jpeg 768w, https:\/\/zagreb.roomescape.hr\/wp-content\/uploads\/sites\/7\/2024\/02\/fox-hunt-03-Web-600x600.jpeg 600w, https:\/\/zagreb.roomescape.hr\/wp-content\/uploads\/sites\/7\/2024\/02\/fox-hunt-03-Web-100x100.jpeg 100w\" sizes=\"(max-width: 1080px) 100vw, 1080px\" \/><\/figure><\/div>\n\n\n\n<div class=\"wp-block-column is-layout-flow wp-block-column-is-layout-flow\" style=\"flex-basis:55%\"><h1 style=\"margin-bottom:var(--wp--preset--spacing--50);margin-top:0;\" class=\"alignwide wp-block-post-title has-extra-large-font-size\">Operation: F.A.S.T.<\/h1>\n\n\n<div class=\"wp-block-group is-content-justification-space-between is-nowrap is-layout-flex wp-container-core-group-is-layout-cb46ffcb wp-block-group-is-layout-flex\"><span class=\"woocommerce-Price-amount amount\"><bdi><span class=\"price-number-only\">40.00<\/span>&nbsp;<span class=\"woocommerce-Price-currencySymbol\">&euro;<\/span><\/bdi><\/span>\n\n\n\n<p>Pre team (1-5 people)<\/p>\n<\/div>\n\n\n\n<hr class=\"wp-block-separator has-text-color has-alpha-channel-opacity has-background\" style=\"margin-top:var(--wp--preset--spacing--30);margin-bottom:var(--wp--preset--spacing--60);background-color:#00000005;color:#00000005\"\/>\n\n\n\n<div class=\"wp-block-group alignwide is-layout-flow wp-block-group-is-layout-flow\"><div style=\"margin-bottom:var(--wp--preset--spacing--40)\" class=\"taxonomy-product_tag wp-block-post-terms has-extra-extra-small-font-size\"><a href=\"https:\/\/zagreb.roomescape.hr\/en\/product-tag\/na-otvorenom\/\" rel=\"tag\">OUTDOOR<\/a><span class=\"wp-block-post-terms__separator\"> <\/span><a href=\"https:\/\/zagreb.roomescape.hr\/en\/product-tag\/najbolje-za-ljubitelje-zagonetki\/\" rel=\"tag\">BEST FOR PUZZLE LOVERS<\/a><span class=\"wp-block-post-terms__separator\"> <\/span><a href=\"https:\/\/zagreb.roomescape.hr\/en\/product-tag\/unutarnje\/\" rel=\"tag\">INDOOR<\/a><span class=\"wp-block-post-terms__separator\"> <\/span><a href=\"https:\/\/zagreb.roomescape.hr\/en\/product-tag\/velike-grupe\/\" rel=\"tag\">LARGE GROUPS<\/a><\/div>\n\n<div style=\"margin-bottom:var(--wp--preset--spacing--60);\" class=\"wp-block-post-excerpt\"><p class=\"wp-block-post-excerpt__excerpt\">Welcome to Operation: F.A.S.T., an exhilarating geo-location based game of espionage that will put your skills to the test! Immerse yourself in the thrilling world of secret agents as you embark on a mission to impress Mr. Fox, the enigmatic head of the secret service. <\/p><\/div>\n\n<div data-block-name=\"woocommerce\/add-to-cart-form\" class=\"wp-block-add-to-cart-form wc-block-add-to-cart-form wc-block-add-to-cart-form--input wp-block-woocommerce-add-to-cart-form\" >\n\t\n\t<form class=\"cart\" action=\"https:\/\/zagreb.roomescape.hr\/en\/p\/fox-hunt\/operation-f-a-s-t\/\" method=\"post\" enctype='multipart\/form-data' data-trp-original-action=\"https:\/\/zagreb.roomescape.hr\/en\/p\/fox-hunt\/operation-f-a-s-t\/\">\n\t\t\n\t\t<div class=\"quantity\">\n\t\t<label class=\"screen-reader-text\" for=\"quantity_69d7e44ddb227\">Operation: F.A.S.T. quantity<\/label>\n\t<input\n\t\ttype=\"number\"\n\t\t\t\tid=\"quantity_69d7e44ddb227\"\n\t\tclass=\"input-text qty text\"\n\t\tname=\"quantity\"\n\t\tvalue=\"1\"\n\t\taria-label=\"Product quantity\"\n\t\t\t\tmin=\"1\"\n\t\t\t\t\t\t\tstep=\"1\"\n\t\t\tplaceholder=\"\"\n\t\t\tinputmode=\"numeric\"\n\t\t\tautocomplete=\"off\"\n\t\t\t\/>\n\t<\/div>\n\n\t\t<button type=\"submit\" name=\"add-to-cart\" value=\"5290\" class=\"single_add_to_cart_button button alt wp-element-button\">Add to cart<\/button>\n\n\t\t\t<input type=\"hidden\" name=\"trp-form-language\" value=\"en\"\/><\/form>\n\n\t\n<\/div><\/div>\n<\/div>\n<\/div>\n<\/div>\n<\/div>\n\n\n\n<div class=\"wp-block-group alignwide has-global-padding is-layout-constrained wp-block-group-is-layout-constrained\" style=\"padding-bottom:4rem\">\n<hr class=\"wp-block-separator alignwide has-text-color has-offwhite-color has-alpha-channel-opacity has-offwhite-background-color has-background\"\/>\n\n\n\n<div class=\"wp-block-columns alignfull is-layout-flex wp-container-core-columns-is-layout-28f84493 wp-block-columns-is-layout-flex\">\n<div class=\"wp-block-column is-layout-flow wp-block-column-is-layout-flow\" style=\"flex-basis:100%\">\n<div class=\"wp-block-columns is-layout-flex wp-container-core-columns-is-layout-28f84493 wp-block-columns-is-layout-flex\">\n<div class=\"wp-block-column is-layout-flow wp-block-column-is-layout-flow\" style=\"flex-basis:70%\">\n<h4 class=\"wp-block-heading has-regular-font-size\" style=\"margin-bottom:var(--wp--preset--spacing--30);text-transform:uppercase\">In this high-stakes adventure, you'll step into the shoes of aspiring agents, determined to showcase your abilities and prove your worth.<\/h4>\n<\/div>\n<\/div>\n\n\n\n<div class=\"wp-block-columns stack-on-tablet--portrait is-layout-flex wp-container-core-columns-is-layout-cf05694f wp-block-columns-is-layout-flex\">\n<div class=\"wp-block-column is-layout-flow wp-block-column-is-layout-flow\" style=\"flex-basis:50%\">\n<p>Mr. Fox is seeking the best of the best for his prestigious organization, and it's up to you to demonstrate your mettle.<\/p>\n\n\n\n<p class=\"has-x-small-font-size\">Prepare to navigate through a series of carefully crafted puzzles strategically placed in different locations. From hidden codes to cunning riddles, each challenge will push your problem-solving skills to the limit.<\/p>\n<\/div>\n\n\n\n<div class=\"wp-block-column is-layout-flow wp-block-column-is-layout-flow\" style=\"flex-basis:50%\">\n<p>Va\u0161a misija? Rije\u0161ite ih sve i poka\u017eite gospodinu Foxu da imate ono \u0161to je potrebno da postanete pouzdani agent na terenu.<\/p>\n\n\n\n<p>Stay sharp, work together, and let your inner spy shine as you embark on this immersive adventure.\u00a0<br>Do you have what it takes to rise above the rest and secure your place among the ranks of skilled operatives?\u00a0<\/p>\n\n\n\n<p>Join <strong>Operation: F.A.S.T.<\/strong> now and experience the pulse-pounding excitement of espionage like never before!<\/p>\n<\/div>\n<\/div>\n<\/div>\n<\/div>\n\n\n\n<div class=\"wp-block-cover alignwide has-custom-content-position is-position-top-left\" style=\"border-radius:4px;padding-top:var(--wp--preset--spacing--70);padding-right:var(--wp--preset--spacing--70);padding-bottom:var(--wp--preset--spacing--70);padding-left:var(--wp--preset--spacing--70)\"><span aria-hidden=\"true\" class=\"wp-block-cover__background has-background-dim-60 has-background-dim\"><\/span><img decoding=\"async\" width=\"1000\" height=\"664\" class=\"wp-block-cover__image-background wp-image-646\" alt=\"Team collaborating to close portals and solve mini-challenges in Wonderland World\u2019s Clash GPS-based adventure at Hong Kong Park.\" src=\"https:\/\/foxdvl.com\/test\/wp-content\/uploads\/sites\/3\/2024\/02\/image-233-1.jpg\" data-object-fit=\"cover\" srcset=\"https:\/\/zagreb.roomescape.hr\/wp-content\/uploads\/sites\/7\/2024\/02\/image-233-1.jpg 1000w, https:\/\/zagreb.roomescape.hr\/wp-content\/uploads\/sites\/7\/2024\/02\/image-233-1-300x199.jpg 300w, https:\/\/zagreb.roomescape.hr\/wp-content\/uploads\/sites\/7\/2024\/02\/image-233-1-768x510.jpg 768w, https:\/\/zagreb.roomescape.hr\/wp-content\/uploads\/sites\/7\/2024\/02\/image-233-1-600x398.jpg 600w\" sizes=\"(max-width: 1000px) 100vw, 1000px\" \/><div class=\"wp-block-cover__inner-container has-global-padding is-layout-constrained wp-container-core-cover-is-layout-c9bfb9eb wp-block-cover-is-layout-constrained\">\n<h3 class=\"wp-block-heading alignwide has-medium-font-size\" style=\"padding-bottom:2rem\">How it works<\/h3>\n\n\n\n<div class=\"wp-block-columns alignwide is-layout-flex wp-container-core-columns-is-layout-28f84493 wp-block-columns-is-layout-flex\">\n<div class=\"wp-block-column is-layout-flow wp-block-column-is-layout-flow\" style=\"flex-basis:100%\">\n<ul class=\"wp-block-list\">\n<li>Choose your game<\/li>\n\n\n\n<li>Purchase the game you want to play<\/li>\n\n\n\n<li>You will receive an email with specific instructions<\/li>\n\n\n\n<li>Gather your team<\/li>\n\n\n\n<li>Charge your phone batteries<\/li>\n\n\n\n<li>Make sure you have data internet<\/li>\n\n\n\n<li>If it\u2019s an outdoor game, check the weather forecast<\/li>\n\n\n\n<li>Dress comfortably for walking and exploration<\/li>\n\n\n\n<li>Get to the starting location of your chosen hunt<\/li>\n\n\n\n<li>Start the game by following the instructions provided<\/li>\n\n\n\n<li>Don\u2019t worry, if the weather changes or if anyone gets tired, you can take a break or come back another time and continue<\/li>\n\n\n\n<li>Read the FAQ for a better understanding before you begin<\/li>\n\n\n\n<li>While you are playing, pay attention and be aware of your surroundings. Your safety is a priority, as well as the safety of others<\/li>\n\n\n\n<li>Solve the mystery and have fun!<\/li>\n<\/ul>\n<\/div>\n<\/div>\n<\/div><\/div>\n<\/div>","protected":false},"excerpt":{"rendered":"<p>Welcome to Operation: F.A.S.T., an exhilarating geo-location based game of espionage that will put your skills to the test! Immerse yourself in the thrilling world of secret agents as you embark on a mission to impress Mr. Fox, the enigmatic head of the secret service.<\/p>","protected":false},"featured_media":296,"comment_status":"closed","ping_status":"closed","template":"","meta":[],"foxhunt-tags":[],"product_brand":[],"product_cat":[21],"product_tag":[49,50,48,51],"class_list":{"0":"post-5290","1":"product","2":"type-product","3":"status-publish","4":"has-post-thumbnail","6":"product_cat-fox-hunt","7":"product_tag-na-otvorenom","8":"product_tag-najbolje-za-ljubitelje-zagonetki","9":"product_tag-unutarnje","10":"product_tag-velike-grupe","12":"first","13":"instock","14":"virtual","15":"purchasable","16":"product-type-simple"},"_links":{"self":[{"href":"https:\/\/zagreb.roomescape.hr\/en\/wp-json\/wp\/v2\/product\/5290","targetHints":{"allow":["GET"]}}],"collection":[{"href":"https:\/\/zagreb.roomescape.hr\/en\/wp-json\/wp\/v2\/product"}],"about":[{"href":"https:\/\/zagreb.roomescape.hr\/en\/wp-json\/wp\/v2\/types\/product"}],"replies":[{"embeddable":true,"href":"https:\/\/zagreb.roomescape.hr\/en\/wp-json\/wp\/v2\/comments?post=5290"}],"wp:featuredmedia":[{"embeddable":true,"href":"https:\/\/zagreb.roomescape.hr\/en\/wp-json\/wp\/v2\/media\/296"}],"wp:attachment":[{"href":"https:\/\/zagreb.roomescape.hr\/en\/wp-json\/wp\/v2\/media?parent=5290"}],"wp:term":[{"taxonomy":"foxhunt-tags","embeddable":true,"href":"https:\/\/zagreb.roomescape.hr\/en\/wp-json\/wp\/v2\/foxhunt-tags?post=5290"},{"taxonomy":"product_brand","embeddable":true,"href":"https:\/\/zagreb.roomescape.hr\/en\/wp-json\/wp\/v2\/product_brand?post=5290"},{"taxonomy":"product_cat","embeddable":true,"href":"https:\/\/zagreb.roomescape.hr\/en\/wp-json\/wp\/v2\/product_cat?post=5290"},{"taxonomy":"product_tag","embeddable":true,"href":"https:\/\/zagreb.roomescape.hr\/en\/wp-json\/wp\/v2\/product_tag?post=5290"}],"curies":[{"name":"wp","href":"https:\/\/api.w.org\/{rel}","templated":true}]}}